{"id":128,"date":"2024-08-18T21:17:27","date_gmt":"2024-08-18T21:17:27","guid":{"rendered":"https:\/\/globalrzeszow.pl\/?page_id=128"},"modified":"2024-09-12T19:26:00","modified_gmt":"2024-09-12T19:26:00","slug":"nnw-szkolne-dla-dziecka","status":"publish","type":"page","link":"https:\/\/globalrzeszow.pl\/?page_id=128","title":{"rendered":"NNW Szkolne"},"content":{"rendered":"\n<p>Ubezpieczenie NNW Szkolne to ochrona zdrowia i bezpiecze\u0144stwa Twojego dziecka w ka\u017cdej sytuacji \u2013 nie tylko w szkole, ale r\u00f3wnie\u017c podczas zabaw i aktywno\u015bci poza ni\u0105. Dzi\u0119ki niemu masz pewno\u015b\u0107, \u017ce w razie wypadku otrzymacie wsparcie finansowe na leczenie i rehabilitacj\u0119. To proste i niedrogie rozwi\u0105zanie, kt\u00f3re zapewni spok\u00f3j Tobie i Twojej rodzinie na ca\u0142y rok szkolny.<\/p>\n\n\n\n<p><\/p>\n\n\n\n<div class=\"wp-block-columns alignwide is-layout-flex wp-container-core-columns-is-layout-d2da2050 wp-block-columns-is-layout-flex\" style=\"margin-bottom:0\">\n<div class=\"wp-block-column has-light-green-cyan-background-color has-text-color has-background has-link-color wp-elements-eb954b69348bbad35e09fca88635400b is-layout-flow wp-block-column-is-layout-flow\" style=\"color:#000000;padding-top:2em;padding-right:2em;padding-bottom:2em;padding-left:2em\">\n<h2 class=\"wp-block-heading\" id=\"single\" style=\"font-size:40px\"><strong>Compensa<\/strong><\/h2>\n\n\n\n<p class=\"has-normal-font-size\" style=\"line-height:1.5\"><\/p>\n\n\n\n<hr class=\"wp-block-separator has-text-color has-css-opacity has-background is-style-wide\" style=\"background-color:#000000;color:#000000\"\/>\n\n\n\n<ul class=\"wp-block-list has-normal-font-size\">\n<li>USZKODZENIE CIA\u0141A WSKUTEK NIESZCZ\u0118\u015aLIWEGO WYPADKU<\/li>\n\n\n\n<li>Ochrona dzia\u0142a 24 godziny na dob\u0119 w Polsce i za granic\u0105<\/li>\n\n\n\n<li>Powa\u017cne zachorowania, kt\u00f3rych konsekwencj\u0105 b\u0119dzie pobyt w szpitalu. Wyp\u0142acimy jednorazowe odszkodowanie.<\/li>\n\n\n\n<li>zwrot koszt\u00f3w korepetycji<\/li>\n<\/ul>\n\n\n\n<div class=\"wp-block-buttons alignfull is-horizontal is-content-justification-center is-layout-flex wp-container-core-buttons-is-layout-03627597 wp-block-buttons-is-layout-flex\">\n<div class=\"wp-block-button has-custom-width wp-block-button__width-100\"><a class=\"wp-block-button__link has-white-color has-text-color has-background no-border-radius wp-element-button\" href=\"http:\/\/nnwszkolne.compensa.pl\/#NNWInsurance\/StartScreen?guid=325049af-1dce-43d3-bef3-24ebcf1af689\" style=\"background-color:#000000\">od <strong>89&nbsp;z\u0142<\/strong>\/ na rok<\/a><\/div>\n<\/div>\n<\/div>\n\n\n\n<div class=\"wp-block-column has-pale-cyan-blue-background-color has-text-color has-background has-link-color wp-elements-c7090ed63d04a3b8fbefb9728b97a692 is-layout-flow wp-block-column-is-layout-flow\" style=\"color:#000000;padding-top:2em;padding-right:2em;padding-bottom:2em;padding-left:2em\">\n<h2 class=\"wp-block-heading\" id=\"family\" style=\"font-size:40px\"><strong>Uniqa<\/strong><\/h2>\n\n\n\n<p class=\"has-normal-font-size\" style=\"line-height:1.5\"><\/p>\n\n\n\n<hr class=\"wp-block-separator has-css-opacity is-style-wide\"\/>\n\n\n\n<ul class=\"wp-block-list has-normal-font-size\">\n<li>Pobyt w szpitalu w nast\u0119pstwie NW<\/li>\n\n\n\n<li>Wyczynowe uprawianie sport\u00f3w do 18 r.\u017c.\u2013 w ka\u017cdym wariancie do pe\u0142nej sumy ubezpieczenia<\/li>\n\n\n\n<li>Koszty leczenia i rehabilitacji w nast\u0119pstwie NW<\/li>\n\n\n\n<li>Organizacja i pokrycie koszt\u00f3w \u015bwiadcze\u0144 zdrowotnych w postaci Telekonsultacji<\/li>\n<\/ul>\n\n\n\n<div class=\"wp-block-buttons alignfull is-horizontal is-content-justification-center is-layout-flex wp-container-core-buttons-is-layout-03627597 wp-block-buttons-is-layout-flex\">\n<div class=\"wp-block-button has-custom-width wp-block-button__width-100 is-style-fill\"><a class=\"wp-block-button__link has-white-color has-text-color has-background no-border-radius wp-element-button\" href=\"https:\/\/www.uniqa.pl\/kalkulator\/ubezpieczenie-szkolne-nnw\/insurance?PartnerType=PA&amp;PartnerId1=360125&amp;PartnerId2=LP\" style=\"background-color:#000000\">od 44 PLN \/ na rok<\/a><\/div>\n<\/div>\n<\/div>\n\n\n\n<div class=\"wp-block-column has-text-color has-background has-link-color wp-elements-4f8d7983a6ca4c8f8382c4e47e17287b is-layout-flow wp-block-column-is-layout-flow\" style=\"color:#000000;background-color:#c0ebf1;padding-top:2em;padding-right:2em;padding-bottom:2em;padding-left:2em\">\n<h2 class=\"wp-block-heading\" id=\"patron\" style=\"font-size:40px\"><\/h2>\n\n\n\n<p class=\"has-normal-font-size\"><\/p>\n\n\n\n<hr class=\"wp-block-separator has-css-opacity is-style-wide\"\/>\n\n\n\n<div class=\"wp-block-buttons alignfull is-horizontal is-content-justification-center is-layout-flex wp-container-core-buttons-is-layout-03627597 wp-block-buttons-is-layout-flex\"><\/div>\n<\/div>\n<\/div>\n\n\n\n<p><\/p>\n","protected":false},"excerpt":{"rendered":"<p>Ubezpieczenie NNW Szkolne to ochrona zdrowia i bezpiecze\u0144stwa Twojego dziecka w ka\u017cdej sytuacji \u2013 nie tylko w szkole, ale r\u00f3wnie\u017c podczas zabaw i aktywno\u015bci poza ni\u0105. Dzi\u0119ki niemu masz pewno\u015b\u0107, \u017ce w razie wypadku otrzymacie wsparcie finansowe na leczenie i rehabilitacj\u0119. To proste i niedrogie rozwi\u0105zanie, kt\u00f3re zapewni spok\u00f3j Tobie i Twojej rodzinie na ca\u0142y [&hellip;]<\/p>\n","protected":false},"author":1,"featured_media":0,"parent":0,"menu_order":0,"comment_status":"closed","ping_status":"closed","template":"","meta":{"footnotes":""},"class_list":["post-128","page","type-page","status-publish","hentry"],"_links":{"self":[{"href":"https:\/\/globalrzeszow.pl\/index.php?rest_route=\/wp\/v2\/pages\/128","targetHints":{"allow":["GET"]}}],"collection":[{"href":"https:\/\/globalrzeszow.pl\/index.php?rest_route=\/wp\/v2\/pages"}],"about":[{"href":"https:\/\/globalrzeszow.pl\/index.php?rest_route=\/wp\/v2\/types\/page"}],"author":[{"embeddable":true,"href":"https:\/\/globalrzeszow.pl\/index.php?rest_route=\/wp\/v2\/users\/1"}],"replies":[{"embeddable":true,"href":"https:\/\/globalrzeszow.pl\/index.php?rest_route=%2Fwp%2Fv2%2Fcomments&post=128"}],"version-history":[{"count":18,"href":"https:\/\/globalrzeszow.pl\/index.php?rest_route=\/wp\/v2\/pages\/128\/revisions"}],"predecessor-version":[{"id":177,"href":"https:\/\/globalrzeszow.pl\/index.php?rest_route=\/wp\/v2\/pages\/128\/revisions\/177"}],"wp:attachment":[{"href":"https:\/\/globalrzeszow.pl\/index.php?rest_route=%2Fwp%2Fv2%2Fmedia&parent=128"}],"curies":[{"name":"wp","href":"https:\/\/api.w.org\/{rel}","templated":true}]}}