{"id":2,"date":"2024-04-27T23:08:54","date_gmt":"2024-04-27T23:08:54","guid":{"rendered":"http:\/\/globalrzeszow.pl\/?page_id=2"},"modified":"2024-04-28T19:27:42","modified_gmt":"2024-04-28T19:27:42","slug":"sample-page","status":"publish","type":"page","link":"https:\/\/globalrzeszow.pl\/?page_id=2","title":{"rendered":"O nas"},"content":{"rendered":"\n<h2 class=\"wp-block-heading\">DLACZEGO&nbsp;<strong>MY?<\/strong><\/h2>\n\n\n\n<p>Global Ubezpieczenia to istniej\u0105ca od 2000 r Multiagencja z tradycj\u0105, zrzeszaj\u0105ca ponad czterdziestu wsp\u00f3\u0142pracownik\u00f3w\u00a0 na terenie ca\u0142ego kraju.<br>Wywodzimy si\u0119 g\u0142\u00f3wnie z ubezpiecze\u0144 dedykowanych dla plac\u00f3wek o\u015bwiatowych. W swoim portfelu mamy zar\u00f3wno ubezpieczenia NNW dzieci, nauczycieli jak maj\u0105tek szk\u00f3\u0142, korporacji, ma\u0142ych i \u015brednich przedsi\u0119biorstw, przewo\u017anik\u00f3w oraz klient\u00f3w indywidualnych. Co roku plasujemy si\u0119 w rankingu najlepszych agencji w Polsce. Wszystkich klient\u00f3w obejmujemy indywidualn\u0105 opiek\u0105, kt\u00f3ra obejmuje te\u017c pilnowania termin\u00f3w ko\u0144cz\u0105cej si\u0119 polisy czy wyszukaniem najkorzystniejszej oferty.<br>Zawsze kierujemy si\u0119 dobrem klienta, jego zadowoleniem.<br>Zapraszamy do kontaktu bezpo\u015bredniego, telefonicznego b\u0105d\u017a mailowego.<\/p>\n\n\n\n<p>Pami\u0119taj ubezpieczamy zdalne z agentem lub online 24\/7<\/p>\n\n\n\n<p>Skorzystaj z naszych us\u0142ug nie wychodz\u0105c z domu!<\/p>\n\n\n\n<p><\/p>\n","protected":false},"excerpt":{"rendered":"<p>DLACZEGO&nbsp;MY? Global Ubezpieczenia to istniej\u0105ca od 2000 r Multiagencja z tradycj\u0105, zrzeszaj\u0105ca ponad czterdziestu wsp\u00f3\u0142pracownik\u00f3w\u00a0 na terenie ca\u0142ego kraju.Wywodzimy si\u0119 g\u0142\u00f3wnie z ubezpiecze\u0144 dedykowanych dla plac\u00f3wek o\u015bwiatowych. W swoim portfelu mamy zar\u00f3wno ubezpieczenia NNW dzieci, nauczycieli jak maj\u0105tek szk\u00f3\u0142, korporacji, ma\u0142ych i \u015brednich przedsi\u0119biorstw, przewo\u017anik\u00f3w oraz klient\u00f3w indywidualnych. Co roku plasujemy si\u0119 w rankingu najlepszych [&hellip;]<\/p>\n","protected":false},"author":1,"featured_media":0,"parent":0,"menu_order":0,"comment_status":"closed","ping_status":"open","template":"","meta":{"footnotes":""},"class_list":["post-2","page","type-page","status-publish","hentry"],"_links":{"self":[{"href":"https:\/\/globalrzeszow.pl\/index.php?rest_route=\/wp\/v2\/pages\/2","targetHints":{"allow":["GET"]}}],"collection":[{"href":"https:\/\/globalrzeszow.pl\/index.php?rest_route=\/wp\/v2\/pages"}],"about":[{"href":"https:\/\/globalrzeszow.pl\/index.php?rest_route=\/wp\/v2\/types\/page"}],"author":[{"embeddable":true,"href":"https:\/\/globalrzeszow.pl\/index.php?rest_route=\/wp\/v2\/users\/1"}],"replies":[{"embeddable":true,"href":"https:\/\/globalrzeszow.pl\/index.php?rest_route=%2Fwp%2Fv2%2Fcomments&post=2"}],"version-history":[{"count":2,"href":"https:\/\/globalrzeszow.pl\/index.php?rest_route=\/wp\/v2\/pages\/2\/revisions"}],"predecessor-version":[{"id":81,"href":"https:\/\/globalrzeszow.pl\/index.php?rest_route=\/wp\/v2\/pages\/2\/revisions\/81"}],"wp:attachment":[{"href":"https:\/\/globalrzeszow.pl\/index.php?rest_route=%2Fwp%2Fv2%2Fmedia&parent=2"}],"curies":[{"name":"wp","href":"https:\/\/api.w.org\/{rel}","templated":true}]}}